{"id":8506,"date":"2016-02-25T01:41:06","date_gmt":"2016-02-25T01:41:06","guid":{"rendered":"https:\/\/www.toledodelamano.com\/a-propos-de-adolfo-ferrero\/"},"modified":"2025-07-29T07:02:22","modified_gmt":"2025-07-29T07:02:22","slug":"a-propos-de-adolfo-ferrero","status":"publish","type":"page","link":"https:\/\/www.toledodelamano.com\/fr\/a-propos-de-adolfo-ferrero\/","title":{"rendered":"A propos de Adolfo Ferrero"},"content":{"rendered":"<div class=\"wpb-content-wrapper\"><p>[vc_row css_animation=\u00a0\u00bb\u00a0\u00bb row_type=\u00a0\u00bbrow\u00a0\u00bb use_row_as_full_screen_section=\u00a0\u00bbno\u00a0\u00bb type=\u00a0\u00bbgrid\u00a0\u00bb angled_section=\u00a0\u00bbno\u00a0\u00bb text_align=\u00a0\u00bbleft\u00a0\u00bb background_image_as_pattern=\u00a0\u00bbwithout_pattern\u00a0\u00bb][vc_column width=\u00a0\u00bb1\/2&Prime;][vc_empty_space][vc_single_image image=\u00a0\u00bb297&Prime; img_size=\u00a0\u00bb511&#215;511&Prime; alignment=\u00a0\u00bbcenter\u00a0\u00bb qode_css_animation=\u00a0\u00bbelement_from_right\u00a0\u00bb][vc_empty_space][\/vc_column][vc_column width=\u00a0\u00bb1\/2&Prime;][vc_empty_space][vc_column_text]<\/p>\n<p>Pour un dipl\u00f4m\u00e9 en Tourisme et licenci\u00e9 en Histoire de l&rsquo;Art, la merveilleuse ville de Tol\u00e8de est probablement le meilleur endroit pour exercer ma profession.<\/p>\n<p>[\/vc_column_text][vc_empty_space height=\u00a0\u00bb10px\u00a0\u00bb][vc_column_text]<\/p>\n<p>Ma grande exp\u00e9rience professionnelle m&rsquo;a permis de passer par divers secteurs touristiques et artistiques (agences de voyages, coordinateur d&rsquo;expositions au Mus\u00e9e Reina Sof\u00eda de Madrid ou guide de groupes en Europe Centrale durant douze ans), lesquels me conf\u00e8rent un bagage culturel et professionnel qui, \u00e0 ce jour, sont d&rsquo;une grande utilit\u00e9 dans ma profession de Guide Officiel, dipl\u00f4m\u00e9 de l&rsquo;Assembl\u00e9e R\u00e9gionale de Castilla-La Mancha.<\/p>\n<p>[\/vc_column_text][vc_empty_space height=\u00a0\u00bb10px\u00a0\u00bb][vc_column_text]<\/p>\n<p>Guide Officiel depuis 2007 \u00e0 temps complet, j&rsquo;esp\u00e8re pouvoir exercer mon m\u00e9tier pendant encore de nombreuses ann\u00e9es. Mon objectif a \u00e9t\u00e9 et sera toujours celui de transmettre les exp\u00e9riences et les sensations qu&rsquo;\u00e9veille l\u2019une des villes les plus enchanteresses de ce pays.<\/p>\n<p>[\/vc_column_text][vc_empty_space][\/vc_column][\/vc_row][vc_row css_animation=\u00a0\u00bb\u00a0\u00bb row_type=\u00a0\u00bbrow\u00a0\u00bb use_row_as_full_screen_section=\u00a0\u00bbno\u00a0\u00bb type=\u00a0\u00bbfull_width\u00a0\u00bb angled_section=\u00a0\u00bbno\u00a0\u00bb text_align=\u00a0\u00bbleft\u00a0\u00bb background_image_as_pattern=\u00a0\u00bbwithout_pattern\u00a0\u00bb][vc_column]<div class=\"call_to_action normal\" style=\"\"><div class=\"container_inner\"><div class=\"two_columns_75_25 clearfix\"><div class=\"text_wrapper column1\"><div class=\"call_to_action_text \" style=\"\">Pour plus d&rsquo;information<\/div><\/div><div class=\"button_wrapper column2\"><a itemprop=\"url\" href=\"https:\/\/www.toledodelamano.com\/fr\/contact\/\" class=\"qbutton white \" target=\"\" style=\"\" >Contact<\/a><\/div><\/div><\/div><\/div>[\/vc_column][\/vc_row]<\/p>\n<\/div>","protected":false},"excerpt":{"rendered":"<p>[vc_row css_animation=\u00a0\u00bb\u00a0\u00bb row_type=\u00a0\u00bbrow\u00a0\u00bb use_row_as_full_screen_section=\u00a0\u00bbno\u00a0\u00bb type=\u00a0\u00bbgrid\u00a0\u00bb angled_section=\u00a0\u00bbno\u00a0\u00bb text_align=\u00a0\u00bbleft\u00a0\u00bb background_image_as_pattern=\u00a0\u00bbwithout_pattern\u00a0\u00bb][vc_column width=\u00a0\u00bb1\/2&Prime;][vc_empty_space][vc_single_image image=\u00a0\u00bb297&Prime; img_size=\u00a0\u00bb511&#215;511&Prime; alignment=\u00a0\u00bbcenter\u00a0\u00bb qode_css_animation=\u00a0\u00bbelement_from_right\u00a0\u00bb][vc_empty_space][\/vc_column][vc_column width=\u00a0\u00bb1\/2&Prime;][vc_empty_space][vc_column_text] Pour un dipl\u00f4m\u00e9 en Tourisme et licenci\u00e9 en Histoire de l&rsquo;Art, la merveilleuse ville de Tol\u00e8de est probablement le meilleur endroit pour exercer ma profession. [\/vc_column_text][vc_empty_space height=\u00a0\u00bb10px\u00a0\u00bb][vc_column_text] Ma grande exp\u00e9rience professionnelle&#8230;<\/p>\n","protected":false},"author":1,"featured_media":0,"parent":0,"menu_order":0,"comment_status":"closed","ping_status":"closed","template":"full_width.php","meta":{"footnotes":""},"class_list":["post-8506","page","type-page","status-publish","hentry"],"_links":{"self":[{"href":"https:\/\/www.toledodelamano.com\/fr\/wp-json\/wp\/v2\/pages\/8506","targetHints":{"allow":["GET"]}}],"collection":[{"href":"https:\/\/www.toledodelamano.com\/fr\/wp-json\/wp\/v2\/pages"}],"about":[{"href":"https:\/\/www.toledodelamano.com\/fr\/wp-json\/wp\/v2\/types\/page"}],"author":[{"embeddable":true,"href":"https:\/\/www.toledodelamano.com\/fr\/wp-json\/wp\/v2\/users\/1"}],"replies":[{"embeddable":true,"href":"https:\/\/www.toledodelamano.com\/fr\/wp-json\/wp\/v2\/comments?post=8506"}],"version-history":[{"count":1,"href":"https:\/\/www.toledodelamano.com\/fr\/wp-json\/wp\/v2\/pages\/8506\/revisions"}],"predecessor-version":[{"id":8692,"href":"https:\/\/www.toledodelamano.com\/fr\/wp-json\/wp\/v2\/pages\/8506\/revisions\/8692"}],"wp:attachment":[{"href":"https:\/\/www.toledodelamano.com\/fr\/wp-json\/wp\/v2\/media?parent=8506"}],"curies":[{"name":"wp","href":"https:\/\/api.w.org\/{rel}","templated":true}]}}