{"id":8583,"date":"2016-03-04T11:45:32","date_gmt":"2016-03-04T11:45:32","guid":{"rendered":"https:\/\/www.toledodelamano.com\/product\/guide-de-tolede-main-dans-la-main\/"},"modified":"2025-10-09T11:02:29","modified_gmt":"2025-10-09T11:02:29","slug":"guide-de-tolede-main-dans-la-main","status":"publish","type":"product","link":"https:\/\/www.toledodelamano.com\/fr\/produit\/guide-de-tolede-main-dans-la-main\/","title":{"rendered":"Guide de Tol\u00e8de Main dans la Main (13\u20ac + 2\u20ac frais d&rsquo;exp\u00e9dition)"},"content":{"rendered":"","protected":false},"excerpt":{"rendered":"<h3><span style=\"color: #800000;\">No shippings to the US<\/span><\/h3>\n<p>Une guide pratique et utile de Tol\u00e8de.\u00a0 \u00a1Presque 200 pages avec des itin\u00e9raires, monuments, curiosit\u00e9s, services et beaucoup plus!<\/p>\n<p>\u00c9crite par <strong>Adolfo Ferrero<\/strong>.<\/p>\n<p>Ceci est un guide pratique et utile destin\u00e9 aux visiteurs qui viennent passer une ou deux journ\u00e9es \u00e0 Tol\u00e8de. Son intention n&rsquo;est pas de les noyer sous une masse d\u2019informations, mais de leur pr\u00e9senter la ville, ses monuments, son histoire et ses traditions d&rsquo;une mani\u00e8re simple, proche et accessible. Ainsi, malgr\u00e9 le peu de temps dont ils disposeront, ils pourront tirer profit au maximum de leur visite. Itin\u00e9raires de jour et de nuit, monuments expliqu\u00e9s avec d\u00e9tail, le Greco \u00e0 Tol\u00e8de, traditions et l\u00e9gendes,\u2026 composent entre autres ce guide. Il s&rsquo;agit seulement d&rsquo;une partie de ce que propose la ville, car plus d&rsquo;une semaine serait n\u00e9cessaire pour la comprendre dans sa totalit\u00e9. Mais l&rsquo;essentiel s&rsquo;y trouve, et de cette mani\u00e8re, de retour chez eux, les visiteurs se feront une id\u00e9e plus compl\u00e8te de la Ville Imp\u00e9riale.<\/p>\n","protected":false},"featured_media":8750,"comment_status":"closed","ping_status":"closed","template":"","meta":[],"product_brand":[],"product_cat":[67],"product_tag":[],"class_list":{"0":"post-8583","1":"product","2":"type-product","3":"status-publish","4":"has-post-thumbnail","6":"product_cat-uncategorized","8":"first","9":"instock","10":"taxable","11":"shipping-taxable","12":"purchasable","13":"product-type-variable"},"_links":{"self":[{"href":"https:\/\/www.toledodelamano.com\/fr\/wp-json\/wp\/v2\/product\/8583","targetHints":{"allow":["GET"]}}],"collection":[{"href":"https:\/\/www.toledodelamano.com\/fr\/wp-json\/wp\/v2\/product"}],"about":[{"href":"https:\/\/www.toledodelamano.com\/fr\/wp-json\/wp\/v2\/types\/product"}],"replies":[{"embeddable":true,"href":"https:\/\/www.toledodelamano.com\/fr\/wp-json\/wp\/v2\/comments?post=8583"}],"wp:featuredmedia":[{"embeddable":true,"href":"https:\/\/www.toledodelamano.com\/fr\/wp-json\/wp\/v2\/media\/8750"}],"wp:attachment":[{"href":"https:\/\/www.toledodelamano.com\/fr\/wp-json\/wp\/v2\/media?parent=8583"}],"wp:term":[{"taxonomy":"product_brand","embeddable":true,"href":"https:\/\/www.toledodelamano.com\/fr\/wp-json\/wp\/v2\/product_brand?post=8583"},{"taxonomy":"product_cat","embeddable":true,"href":"https:\/\/www.toledodelamano.com\/fr\/wp-json\/wp\/v2\/product_cat?post=8583"},{"taxonomy":"product_tag","embeddable":true,"href":"https:\/\/www.toledodelamano.com\/fr\/wp-json\/wp\/v2\/product_tag?post=8583"}],"curies":[{"name":"wp","href":"https:\/\/api.w.org\/{rel}","templated":true}]}}