{"id":8773,"date":"2025-10-06T08:11:25","date_gmt":"2025-10-06T08:11:25","guid":{"rendered":"https:\/\/www.toledodelamano.com\/?post_type=product&#038;p=8773"},"modified":"2025-10-09T11:01:17","modified_gmt":"2025-10-09T11:01:17","slug":"el-misterio-de-la-palabra","status":"publish","type":"product","link":"https:\/\/www.toledodelamano.com\/fr\/produit\/el-misterio-de-la-palabra\/","title":{"rendered":"El Misterio de la Palabra (20\u20ac + 2\u20ac de coste de env\u00edo)"},"content":{"rendered":"","protected":false},"excerpt":{"rendered":"<h3><span style=\"color: #800000;\">No shippings to the US<\/span><\/h3>\n<p>360 p\u00e1ginas de homenaje a la convivencia, la igualdad, la mujer y la herencia isl\u00e1mica de una ciudad que, incluso tras su conquista por las tropas de Alfonso VI en 1085, sigui\u00f3 caracteriz\u00e1ndose por la coexistencia entre musulmanes, jud\u00edos y cristianos, de la que surgi\u00f3 una de sus se\u00f1as de identidad m\u00e1s preciadas: la Escuela de Traductores de Toledo. Amor y muerte en una novela hist\u00f3rica apasionante<\/p>\n<p>Escrita por <strong>Adolfo Ferrero<\/strong>.<\/p>\n<p>(2 euros de coste de env\u00edo)<\/p>\n","protected":false},"featured_media":8747,"comment_status":"closed","ping_status":"closed","template":"","meta":[],"product_brand":[],"product_cat":[67],"product_tag":[],"class_list":{"0":"post-8773","1":"product","2":"type-product","3":"status-publish","4":"has-post-thumbnail","6":"product_cat-uncategorized","8":"first","9":"instock","10":"taxable","11":"shipping-taxable","12":"purchasable","13":"product-type-simple"},"_links":{"self":[{"href":"https:\/\/www.toledodelamano.com\/fr\/wp-json\/wp\/v2\/product\/8773","targetHints":{"allow":["GET"]}}],"collection":[{"href":"https:\/\/www.toledodelamano.com\/fr\/wp-json\/wp\/v2\/product"}],"about":[{"href":"https:\/\/www.toledodelamano.com\/fr\/wp-json\/wp\/v2\/types\/product"}],"replies":[{"embeddable":true,"href":"https:\/\/www.toledodelamano.com\/fr\/wp-json\/wp\/v2\/comments?post=8773"}],"wp:featuredmedia":[{"embeddable":true,"href":"https:\/\/www.toledodelamano.com\/fr\/wp-json\/wp\/v2\/media\/8747"}],"wp:attachment":[{"href":"https:\/\/www.toledodelamano.com\/fr\/wp-json\/wp\/v2\/media?parent=8773"}],"wp:term":[{"taxonomy":"product_brand","embeddable":true,"href":"https:\/\/www.toledodelamano.com\/fr\/wp-json\/wp\/v2\/product_brand?post=8773"},{"taxonomy":"product_cat","embeddable":true,"href":"https:\/\/www.toledodelamano.com\/fr\/wp-json\/wp\/v2\/product_cat?post=8773"},{"taxonomy":"product_tag","embeddable":true,"href":"https:\/\/www.toledodelamano.com\/fr\/wp-json\/wp\/v2\/product_tag?post=8773"}],"curies":[{"name":"wp","href":"https:\/\/api.w.org\/{rel}","templated":true}]}}